{"id":24,"date":"2020-12-29T00:56:34","date_gmt":"2020-12-28T17:56:34","guid":{"rendered":"https:\/\/tdlv-thailand.org\/th\/?page_id=24"},"modified":"2021-08-21T00:51:50","modified_gmt":"2021-08-20T17:51:50","slug":"%e0%b8%ab%e0%b8%99%e0%b9%89%e0%b8%b2%e0%b9%81%e0%b8%a3%e0%b8%81","status":"publish","type":"page","link":"https:\/\/tdlv-thailand.org\/de\/","title":{"rendered":"Home"},"content":{"rendered":"\n<h3 class=\"wp-block-heading\"><\/h3>\n\n\n\n<div class=\"wp-block-media-text alignwide is-stacked-on-mobile home-logo\" style=\"grid-template-columns:15% auto\"><figure class=\"wp-block-media-text__media\"><img loading=\"lazy\" decoding=\"async\" width=\"240\" height=\"216\" src=\"https:\/\/tdlv-thailand.org\/wp-content\/uploads\/2021\/01\/Logo-TDLV_blau.png\" alt=\"\" class=\"wp-image-496 size-full\"\/><\/figure><div class=\"wp-block-media-text__content\">\n<h3 class=\"wp-block-heading\">Der TDLV als F\u00f6rderer der deutschen Sprache und Kultur in Thailand<\/h3>\n<\/div><\/div>\n\n\n\n<p>Der Thail\u00e4ndische Deutschlehrerverband (TDLV) wurde im Jahr 1993 gegr\u00fcndet und vertritt seitdem die Interessen von Lehrkr\u00e4ften f\u00fcr die deutsche Sprache in Thailand, sowie koordiniert die Zusammenarbeit zwischen den Institutionen, die sich mit der Vermittlung von Deutsch als Fremdsprache in Thailand besch\u00e4ftigen, u.a. dem Erziehungsministerium, dem Goethe-Institut Thailand und den Universit\u00e4ten.<\/p>\n\n\n\n<h4 class=\"head-home wp-block-heading\">Seine Ziele und Aufgaben lassen sich wie folgt zusammenfassen:<\/h4>\n\n\n\n<ul><li>F\u00f6rderung von Lehren und Lernen des Deutschen als Fremdsprache (DaF) in Thailand,<\/li><li>F\u00f6rderung des wissenschaftlichen Austauschs im Bereich Germanistik und DaF unter den Deutschlehrenden in Thailand,<\/li><li>Unterst\u00fctzung der Deutschlehrenden in ihrer beruflichen T\u00e4tigkeit und fachlichen Aus- und Fortbildung,<\/li><li>F\u00f6rderung der Kontakte und Zusammenarbeit mit den Deutschlehrenden im Ausland,<\/li><li>F\u00f6rderung der kulturellen Beziehung zwischen Thailand und den deutschsprachigen L\u00e4ndern,<\/li><li>F\u00f6rderung der regionalen Zusammenarbeit mit den Deutschlehrerverb\u00e4nden der L\u00e4nder im Asien-Pazifik-Raum sowie mit den Deutschlehrerverb\u00e4nden weltweit.<\/li><\/ul>\n","protected":false},"excerpt":{"rendered":"<p>Der TDLV als F\u00f6rderer der deutschen Sprache und Kultur in Thailand Der Thail\u00e4ndische Deutschlehrerverband (TDLV) wurde im Jahr 1993 gegr\u00fcndet und vertritt seitdem die Interessen von Lehrkr\u00e4ften f\u00fcr die deutsche Sprache in Thailand, sowie koordiniert die Zusammenarbeit zwischen den Institutionen, die sich mit der Vermittlung von Deutsch als Fremdsprache in Thailand besch\u00e4ftigen, u.a. dem Erziehungsministerium, [&hellip;]<\/p>\n","protected":false},"author":1,"featured_media":156,"parent":0,"menu_order":0,"comment_status":"closed","ping_status":"closed","template":"template-right.php","meta":{"footnotes":""},"_links":{"self":[{"href":"https:\/\/tdlv-thailand.org\/de\/wp-json\/wp\/v2\/pages\/24"}],"collection":[{"href":"https:\/\/tdlv-thailand.org\/de\/wp-json\/wp\/v2\/pages"}],"about":[{"href":"https:\/\/tdlv-thailand.org\/de\/wp-json\/wp\/v2\/types\/page"}],"author":[{"embeddable":true,"href":"https:\/\/tdlv-thailand.org\/de\/wp-json\/wp\/v2\/users\/1"}],"replies":[{"embeddable":true,"href":"https:\/\/tdlv-thailand.org\/de\/wp-json\/wp\/v2\/comments?post=24"}],"version-history":[{"count":27,"href":"https:\/\/tdlv-thailand.org\/de\/wp-json\/wp\/v2\/pages\/24\/revisions"}],"predecessor-version":[{"id":591,"href":"https:\/\/tdlv-thailand.org\/de\/wp-json\/wp\/v2\/pages\/24\/revisions\/591"}],"wp:featuredmedia":[{"embeddable":true,"href":"https:\/\/tdlv-thailand.org\/de\/wp-json\/wp\/v2\/media\/156"}],"wp:attachment":[{"href":"https:\/\/tdlv-thailand.org\/de\/wp-json\/wp\/v2\/media?parent=24"}],"curies":[{"name":"wp","href":"https:\/\/api.w.org\/{rel}","templated":true}]}}